{"id":68,"date":"2012-09-17T14:32:00","date_gmt":"2012-09-17T14:32:00","guid":{"rendered":"http:\/\/buildupskills.si\/?page_id=68"},"modified":"2016-03-06T11:42:25","modified_gmt":"2016-03-06T10:42:25","slug":"status-quo-report","status":"publish","type":"page","link":"https:\/\/buildupskills.si\/?page_id=68","title":{"rendered":"Status Quo Report"},"content":{"rendered":"<p>Na spodnji povezavi si lahko nalo\u017eite Status Quo Report Slovenia. V poro\u010dilu je temeljito opisano trenutno stanje v Sloveniji.<\/p>\n<p>Poro\u010dilo Slovenia Status Quo:\u00a0<a href=\"http:\/\/buildupskills.si\/wp-content\/uploads\/2012\/09\/BUILD-UP-Skills-Slovenia-status-quo-20130128.pdf\" target=\"_blank\">BUILD UP Skills Slovenia status quo_20130128<\/a><\/p>\n","protected":false},"excerpt":{"rendered":"<p>Na spodnji povezavi si lahko nalo\u017eite Status Quo Report Slovenia. V poro\u010dilu je temeljito opisano trenutno stanje v Sloveniji. Poro\u010dilo Slovenia Status Quo:\u00a0BUILD UP Skills Slovenia status quo_20130128<\/p>\n","protected":false},"author":3,"featured_media":0,"parent":0,"menu_order":0,"comment_status":"closed","ping_status":"closed","template":"","meta":{"footnotes":""},"_links":{"self":[{"href":"https:\/\/buildupskills.si\/index.php?rest_route=\/wp\/v2\/pages\/68"}],"collection":[{"href":"https:\/\/buildupskills.si\/index.php?rest_route=\/wp\/v2\/pages"}],"about":[{"href":"https:\/\/buildupskills.si\/index.php?rest_route=\/wp\/v2\/types\/page"}],"author":[{"embeddable":true,"href":"https:\/\/buildupskills.si\/index.php?rest_route=\/wp\/v2\/users\/3"}],"replies":[{"embeddable":true,"href":"https:\/\/buildupskills.si\/index.php?rest_route=%2Fwp%2Fv2%2Fcomments&post=68"}],"version-history":[{"count":5,"href":"https:\/\/buildupskills.si\/index.php?rest_route=\/wp\/v2\/pages\/68\/revisions"}],"predecessor-version":[{"id":377,"href":"https:\/\/buildupskills.si\/index.php?rest_route=\/wp\/v2\/pages\/68\/revisions\/377"}],"wp:attachment":[{"href":"https:\/\/buildupskills.si\/index.php?rest_route=%2Fwp%2Fv2%2Fmedia&parent=68"}],"curies":[{"name":"wp","href":"https:\/\/api.w.org\/{rel}","templated":true}]}}