{"id":2,"date":"2012-02-14T14:33:48","date_gmt":"2012-02-14T14:33:48","guid":{"rendered":"http:\/\/buildupskills.si\/?page_id=2"},"modified":"2016-03-06T11:42:25","modified_gmt":"2016-03-06T10:42:25","slug":"sample-page","status":"publish","type":"page","link":"https:\/\/buildupskills.si\/?page_id=2","title":{"rendered":"Domov"},"content":{"rendered":"<p><strong>EU spodbuja bolj\u0161o usposobljenost izvajalcev skoraj ni\u010d energijskih hi\u0161<\/strong><\/p>\n<p>Evropa se zaveda, da je s preusmeritvijo na skoraj ni\u010d energijsko gradnjo, kot jo zahteva prenovljena Direktiva o energetski u\u010dinkovitosti stavb\u00a0 ((2010\/31\/EU) EPBD Recast iz 2010), potrebno bistveno ve\u010d poudarka posvetiti\u00a0 <strong>vse\u017eivljenjskemu u\u010denju<\/strong> izvajalskega kadra, ki bo na gradbi\u0161\u010du izvajal sodobne novogradnje in obse\u017ene energijske prenove obstoje\u010dih stavb. Kontinuirano <strong>izobra\u017eevanje in usposabljanje obrtnikov, gradbi\u0161\u010dnih delavcev, monterjev in in\u0161talaterjev in njihovih delovodij<\/strong> je klju\u010dno za to, da se bodo na\u010drtovane energijsko u\u010dinkovite tehnologije in sistemi za izrabo obnovljivih virov energije iz na\u010drtov prenesli tudi v prakso.<\/p>\n<p>Evropska komisija je v okviru programa Inteligentna energija Evropa pripravila iniciativo BUILD UP Skills (2011-2013), v okviru katere nacionalni konzorciji \u00a0za zdaj 21 dr\u017eav \u010dlanic EU na podlagi sodelovanja s klju\u010dnimi dele\u017eniki (ministrstva, izobra\u017eevalne in\u0161titucije, strokovnjaki za URE in OVE v stavbah, energetski svetovalci, energetske in razvojne agencije, gradbena industrija, dobavitelji opreme, socialni partnerji, stanovska zdru\u017eenja in zbornice, finan\u010dne institucije, nepremi\u010dninski oz. stanovanjski skladi ipd.) pripravljajo pregled potreb na podro\u010dju dodatnega izobra\u017eevanja in usposabljanja izvajalskega kadra.<\/p>\n<p>Kon\u010dni izdelek bodo predstavljali <strong>nacionalni \u010dasovni na\u010drti na podro\u010dju izobra\u017eevanja in usposabljanja<\/strong>,\u00a0 ki bodo s svojim izvajanjem omogo\u010dili\u00a0 pripravo konkretnih poklicnih kvalifikacijskih shem in posledi\u010dno uresni\u010ditev ciljev trajnostne energijske politike na podro\u010dju stavb do leta 2020.<\/p>\n<p><strong>Nadgradnja usposabljanja v Sloveniji<\/strong><\/p>\n<p>V Sloveniji projekt <strong>\u00bbBUILD UP Skills Slovenia\u00ab<\/strong> izvaja konzorcij v sestavi: Gradbeni in\u0161titut ZRMK kot koordinator, Slovenski gradbeni grozd-GIZ, Obrtno-podjetni\u0161ka zbornica Slovenije, In\u017eenirska zbornica Slovenije, Center za poklicno izobra\u017eevanje in \u0160olski center Novo mesto. Projekt sofinancira Evropska Komisija v okviru programa Inteligentna energija Evropa.<\/p>\n<p>Samo izvajanje projekta je s pismi o nameri <strong>podprlo \u017ee preko 30 dele\u017enikov<\/strong>, kot na primer specializirane strokovne in\u0161titucije s podro\u010dja energijsko u\u010dinkovite gradnje (IJS) ter izobra\u017eevanja (Andrago\u0161ki center RS), univerza (UL FGG, FA, FS, BF, FZ ), stanovska zdru\u017eenja (GIZ PFSTI) ter zbornice (ZAPS, IZS, GZS-ZLPI, ZGS), dobaviteljev tehnologij, gradbenih materialov in opreme, Eko sklad, lokalne energetske agencije, energetsko svetovalna mre\u017ea ENSVET, stanovanjski skladi\u00a0 (SSRS, JSS MOL), sindikati (ZSSS), Zavod za zaposlovanje in drugi, ki predstavljajo jedro nacionalne kvalifikacijske platforme.<\/p>\n<p>Naloga projekta je v okviru \u0161iroke nacionalne platforme <strong>evidentirati klju\u010dna podro\u010dja<\/strong> skoraj ni\u010d energijske gradnje, evidentirati napredne URE in OVE tehnologije za dosego cilja 20-20-20 do 2020 na podro\u010dju stavb, ugotoviti pomanjkljivosti na strani izvajalskega kadra, ki so vzrok za to, da na\u010drtovane nizkoenergijske re\u0161itve ne za\u017eivijo v praksi, ter<strong> izdelati program za vse\u017eivljenjsko izobra\u017eevanje in usposabljanje<\/strong> obrtnikov razli\u010dnih profilov in drugih izvajalcev vklju\u010denih v izvajanje skoraj ni\u010d energijskih stavb.<\/p>\n<p>Skladno z enotnim pristopom v EU k izvajanju tega projekta \u017eelimo v fazo evidentiranja potreb in v fazo usklajevanja programa za vse\u017eivljenjsko izobra\u017eevanje in usposabljanje izvajalcev pritegniti vse klju\u010dne akterje, ki jih usposabljanje izvajalskega kadra za nizkoenergijske stavbe zadeva, institucije in strokovnjake specializirane na posamezna podro\u010dja URE in OVE,\u00a0predvsem za to, da bi na podro\u010dju novih tehnologij za skoraj ni\u010d energijsko gradnjo opredelili kriti\u010dne to\u010dke za uspe\u0161no implementacijo tehnologij in pomanjkljivosti na strani izvajalskega kadra pri\u00a0 vgradnji teh novih tehnologij v stavbe, ter predlagali potrebna\u00a0klju\u010dna znanja obrtnikov, delovodij, mojstrov, monterjev, izvajalcev,\u00a0 in\u0161talaterjev\u00a0 naprav za izrabo OVE na tem podro\u010dju.<\/p>\n<p><strong>Naloge in cilji<\/strong><\/p>\n<p>V obdobju od novembra 2011 do maja 2013 bomo v projektu \u00bbBUILD UP Skills Slovenija\u00ab zasledovali uresni\u010ditev naslednjih ciljev:<\/p>\n<ul>\n<li>Opredelitev <strong>nacionalnega okvira <\/strong><strong>za nadgradnjo obstoje\u010dih znanj in ve\u0161\u010din za razvoj novih kvalifikacijskih shem za izvajalce, <\/strong>primerno usposobljene za doseganje ciljev 2020 podnebno energije politike na podro\u010dju stavb (gradnja skoraj ni\u010d energijskih hi\u0161 in intenzivna energijska prenova obstoje\u010dih stavb).<\/li>\n<li><strong>Ustanovitev nacionalne kvalifikacijske platforme \u2013 povezovalnega in posvetovalnega telesa<\/strong>, ki vklju\u010duje naj\u0161ir\u0161i krog klju\u010dnih dele\u017enikov s podro\u010dja graditve in izobra\u017eevanja \/ usposabljanja.<\/li>\n<li><strong>Izdelava \u010dasovnega na\u010drta<\/strong>, ki bo<strong> <\/strong>pokazal, kako bomo <strong>odpravili ovire in pomanjkljivosti pri usposobljenosti delavcev<\/strong> razli\u010dnih poklicev, \u00a0nakazal umestitev usposabljanja o sodobnih URE\/OVE re\u0161itvah in sistemih v u\u010dni na\u010drte in v izvajalsko prakso in podal \u00a0plan izvedbe \u010dasovnega na\u010drta in spremljanje u\u010dinkov.<\/li>\n<li><strong>Potrditev \u010dasovnega na\u010drta <\/strong>\u2013 pomembni akterji v javni in zasebni sferi, in\u0161titucije s podro\u010dja izobra\u017eevanje in usposabljanja in dele\u017eniki s podro\u010dja graditve stavb potrdijo predlagani \u010dasovni na\u010drt izobra\u017eevanja in usposabljanja izvajalskega kadra in zagotovijo svoje nadaljnje vklju\u010devanju v teku izvajanja.<\/li>\n<li>Vsi klju\u010dni dele\u017eniki, ki vidijo svoj strokovni ali poslovni interes v okviru te iniciative, so <strong>vabljeni, da se vklju\u010dijo v nacionalno kvalifikacijsko platformo<\/strong> in tako prispevajo svoj pogled na predstavljeno problematiko bolj\u0161e usposobljenosti izvajalcev skoraj ni\u010d energijske gradnje.<\/li>\n<\/ul>\n<p><strong>Anketa med izvajalci del iz Sekcije gradbincev pri OZS<\/strong><\/p>\n<p>Vemo, da se izvajalci zaklju\u010dnih del in in\u0161talacij v praksi soo\u010dajo z veliko te\u017eavami, vklju\u010dno s pomanjkljivo usposobljenostjo zaposlenih za zahtevnej\u0161a dela. Po nedavni anketi med podjetji in obrtniki iz sekcije gradbincev pri OZS so v kar 53 % podjetij v izvajanje del vklju\u010deni priu\u010deni delavci (med njimi 20 % z osnovno \u0161olo, 37 % z ni\u017ejo poklicno izobrazbo, 31 % s srednjo poklicno izobrazbo ter 12 % s srednjo strokovno \u0161olo (N=34)). Gradbinci najbolj pogre\u0161ajo usposobljene zidarje in tesarje. Razli\u010dnih usposabljanj se je v preteklosti \u017ee udele\u017eevalo 38% podjetij, prevladovala so podro\u010dja izvajanje obnove izolacijskih fasadnih sistemov, gradnja nizkoenergijskih hi\u0161, toplotni mostovi, mo\u017enosti izrabe OVE, zakonodaja in podobno.<\/p>\n","protected":false},"excerpt":{"rendered":"<p>EU spodbuja bolj\u0161o usposobljenost izvajalcev skoraj ni\u010d energijskih hi\u0161 Evropa se zaveda, da je s preusmeritvijo na skoraj ni\u010d energijsko gradnjo, kot jo zahteva prenovljena Direktiva o energetski u\u010dinkovitosti stavb\u00a0 ((2010\/31\/EU) EPBD Recast iz 2010), potrebno bistveno ve\u010d poudarka posvetiti\u00a0 vse\u017eivljenjskemu u\u010denju izvajalskega kadra, ki bo na gradbi\u0161\u010du izvajal sodobne novogradnje in obse\u017ene energijske prenove obstoje\u010dih stavb. Kontinuirano izobra\u017eevanje in usposabljanje obrtnikov, gradbi\u0161\u010dnih delavcev, monterjev in in\u0161talaterjev in njihovih delovodij je klju\u010dno za to, da se bodo na\u010drtovane energijsko u\u010dinkovite tehnologije in sistemi za izrabo obnovljivih virov energije iz na\u010drtov prenesli tudi v prakso. Evropska komisija je v okviru programa &hellip; <a class=\"more-link\" href=\"https:\/\/buildupskills.si\/?page_id=2\">Continue reading <span class=\"meta-nav\">&rarr;<\/span><\/a><\/p>\n","protected":false},"author":3,"featured_media":0,"parent":0,"menu_order":0,"comment_status":"closed","ping_status":"closed","template":"","meta":{"footnotes":""},"_links":{"self":[{"href":"https:\/\/buildupskills.si\/index.php?rest_route=\/wp\/v2\/pages\/2"}],"collection":[{"href":"https:\/\/buildupskills.si\/index.php?rest_route=\/wp\/v2\/pages"}],"about":[{"href":"https:\/\/buildupskills.si\/index.php?rest_route=\/wp\/v2\/types\/page"}],"author":[{"embeddable":true,"href":"https:\/\/buildupskills.si\/index.php?rest_route=\/wp\/v2\/users\/3"}],"replies":[{"embeddable":true,"href":"https:\/\/buildupskills.si\/index.php?rest_route=%2Fwp%2Fv2%2Fcomments&post=2"}],"version-history":[{"count":5,"href":"https:\/\/buildupskills.si\/index.php?rest_route=\/wp\/v2\/pages\/2\/revisions"}],"predecessor-version":[{"id":373,"href":"https:\/\/buildupskills.si\/index.php?rest_route=\/wp\/v2\/pages\/2\/revisions\/373"}],"wp:attachment":[{"href":"https:\/\/buildupskills.si\/index.php?rest_route=%2Fwp%2Fv2%2Fmedia&parent=2"}],"curies":[{"name":"wp","href":"https:\/\/api.w.org\/{rel}","templated":true}]}}