{"id":19,"date":"2012-02-17T15:02:55","date_gmt":"2012-02-17T15:02:55","guid":{"rendered":"http:\/\/buildupskills.si\/?page_id=19"},"modified":"2016-03-06T11:42:25","modified_gmt":"2016-03-06T10:42:25","slug":"projekt-podpirajo","status":"publish","type":"page","link":"https:\/\/buildupskills.si\/?page_id=19","title":{"rendered":"Podporniki projekta"},"content":{"rendered":"<p>Samo izvajanje projekta je s pismi o nameri podprlo \u017ee preko 30 dele\u017enikov, kot na primer specializirane strokovne in\u0161titucije s podro\u010dja energijsko u\u010dinkovite gradnje (IJS) ter izobra\u017eevanja (Andrago\u0161ki center RS), univerza (UL FGG, FA, FS, BF, FZ ), stanovska zdru\u017eenja (GIZ PFSTI) ter zbornice (ZAPS, IZS, GZS-ZLPI, ZGS), dobaviteljev tehnologij, gradbenih materialov in opreme, Eko sklad, lokalne energetske agencije, energetsko svetovalna mre\u017ea ENSVET, stanovanjski skladi\u00a0 (SSRS, JSS MOL), sindikati (ZSSS), Zavod za zaposlovanje in drugi, ki predstavljajo jedro nacionalne kvalifikacijske platforme.<\/p>\n<table width=\"540\" border=\"0\" cellspacing=\"0\" cellpadding=\"0\">\n<colgroup>\n<col width=\"540\" \/> <\/colgroup>\n<tbody>\n<tr>\n<td width=\"540\" height=\"21\"><strong>Podporniki projekta so<\/strong><\/td>\n<\/tr>\n<tr>\n<td height=\"21\">Agencija za prestrukturiranje energetike<\/td>\n<\/tr>\n<tr>\n<td height=\"21\">AGREGAT, d.o.o.<\/td>\n<\/tr>\n<tr>\n<td height=\"21\">Andrago\u0161ki center Republike Slovenije<\/td>\n<\/tr>\n<tr>\n<td height=\"21\">Biotehni\u0161ka fakulteta, Ljubljana<\/td>\n<\/tr>\n<tr>\n<td height=\"21\">Celovite gradbene re\u0161itve, d.o.o.<\/td>\n<\/tr>\n<tr>\n<td height=\"21\">Dru\u0161tvo za sonaravno gradnjo<\/td>\n<\/tr>\n<tr>\n<td height=\"21\">E.NETSI, d.o.o.<\/td>\n<\/tr>\n<tr>\n<td height=\"21\">Eko sklad, j.s.<\/td>\n<\/tr>\n<tr>\n<td height=\"21\">EKOAKTIV d.o.o.<\/td>\n<\/tr>\n<tr>\n<td height=\"21\">Fakulteta za arhitekturo, Ljubljana<\/td>\n<\/tr>\n<tr>\n<td height=\"21\">Fakulteta za gradbeni\u0161tvo in geodezijo, Ljubljana<\/td>\n<\/tr>\n<tr>\n<td height=\"21\">Fakulteta za strojni\u0161tvo, Ljubljana<\/td>\n<\/tr>\n<tr>\n<td height=\"21\">GIZ PFSTI \u2013 Gospodarsko zdru\u017eenje proizvajalcev fasadnih sistemov in toplotnih izolacij<\/td>\n<\/tr>\n<tr>\n<td height=\"21\">Gospodarska Zbornica Slovenijie GZS\u00a0 \u2013 Zdru\u017eenje lesne in pohi\u0161tvene industrije<\/td>\n<\/tr>\n<tr>\n<td height=\"21\">Government Office of the Republic of Slovenia of Climate Change<\/td>\n<\/tr>\n<tr>\n<td height=\"21\">IB-PROCADD d.o.o.<\/td>\n<\/tr>\n<tr>\n<td height=\"21\">In\u0161titut Jo\u017eef Stefan<\/td>\n<\/tr>\n<tr>\n<td height=\"21\">Javni stanovanjski sklad mestne Ob\u010dine Ljubljana<\/td>\n<\/tr>\n<tr>\n<td height=\"21\">Kssena, Energetska agencija za Savinjsko, \u0160ale\u0161ko in Koro\u0161ko<\/td>\n<\/tr>\n<tr>\n<td height=\"21\">Menerga, d.o.o.<\/td>\n<\/tr>\n<tr>\n<td height=\"21\">Ministrstvo za gospodarstvo, Direktorat za energijo<\/td>\n<\/tr>\n<tr>\n<td height=\"21\">Ministrstvo za okolje in prostor<\/td>\n<\/tr>\n<tr>\n<td height=\"21\">Ministrstvo za \u0161olstvo in \u0161port<\/td>\n<\/tr>\n<tr>\n<td height=\"21\">Okna KLI Logatec, d.o.o.<\/td>\n<\/tr>\n<tr>\n<td height=\"21\">Poso\u0161ki razvojni center<\/td>\n<\/tr>\n<tr>\n<td height=\"21\">Proizvodnja sanitarnih celic Lendava, d.d.<\/td>\n<\/tr>\n<tr>\n<td height=\"21\">Regionalni center za okolje, Slovenij<\/td>\n<\/tr>\n<tr>\n<td height=\"21\">Robotina, d.o.o.<\/td>\n<\/tr>\n<tr>\n<td height=\"21\">Sindikat delavcev gradbenih dejavnosti Slovenije<\/td>\n<\/tr>\n<tr>\n<td height=\"21\">Slu\u017eba Vlade Republike Slovenije za podnebne spremembe<\/td>\n<\/tr>\n<tr>\n<td height=\"21\">Stanovanjski sklad Republike Slovenije<\/td>\n<\/tr>\n<tr>\n<td height=\"21\">Tehnolo\u0161ka platforma za fotovoltaiko<\/td>\n<\/tr>\n<tr>\n<td height=\"21\">Tehnolo\u0161ki center Poli-Eko<\/td>\n<\/tr>\n<tr>\n<td height=\"21\">VARIS, Prefabricated sanitary cells<\/td>\n<\/tr>\n<tr>\n<td height=\"21\">Wienerberger Opekrana Ormo\u017e d.d.<\/td>\n<\/tr>\n<tr>\n<td height=\"21\">Zavod Lesarski grozd<\/td>\n<\/tr>\n<tr>\n<td height=\"21\">Zavod RS za zaposlovanje<\/td>\n<\/tr>\n<tr>\n<td height=\"21\">Zbornica za arhitekturo in prostor Slovenije-ZAPS<\/td>\n<\/tr>\n<tr>\n<td height=\"21\">Zbornica za gradbeni\u0161tvo Slovenije<\/td>\n<\/tr>\n<\/tbody>\n<\/table>\n","protected":false},"excerpt":{"rendered":"<p>Samo izvajanje projekta je s pismi o nameri podprlo \u017ee preko 30 dele\u017enikov, kot na primer specializirane strokovne in\u0161titucije s podro\u010dja energijsko u\u010dinkovite gradnje (IJS) ter izobra\u017eevanja (Andrago\u0161ki center RS), univerza (UL FGG, FA, FS, BF, FZ ), stanovska zdru\u017eenja (GIZ PFSTI) ter zbornice (ZAPS, IZS, GZS-ZLPI, ZGS), dobaviteljev tehnologij, gradbenih materialov in opreme, Eko sklad, lokalne energetske agencije, energetsko svetovalna mre\u017ea ENSVET, stanovanjski skladi\u00a0 (SSRS, JSS MOL), sindikati (ZSSS), Zavod za zaposlovanje in drugi, ki predstavljajo jedro nacionalne kvalifikacijske platforme. Podporniki projekta so Agencija za prestrukturiranje energetike AGREGAT, d.o.o. Andrago\u0161ki center Republike Slovenije Biotehni\u0161ka fakulteta, Ljubljana Celovite gradbene re\u0161itve, &hellip; <a class=\"more-link\" href=\"https:\/\/buildupskills.si\/?page_id=19\">Continue reading <span class=\"meta-nav\">&rarr;<\/span><\/a><\/p>\n","protected":false},"author":3,"featured_media":0,"parent":0,"menu_order":0,"comment_status":"closed","ping_status":"closed","template":"","meta":{"footnotes":""},"_links":{"self":[{"href":"https:\/\/buildupskills.si\/index.php?rest_route=\/wp\/v2\/pages\/19"}],"collection":[{"href":"https:\/\/buildupskills.si\/index.php?rest_route=\/wp\/v2\/pages"}],"about":[{"href":"https:\/\/buildupskills.si\/index.php?rest_route=\/wp\/v2\/types\/page"}],"author":[{"embeddable":true,"href":"https:\/\/buildupskills.si\/index.php?rest_route=\/wp\/v2\/users\/3"}],"replies":[{"embeddable":true,"href":"https:\/\/buildupskills.si\/index.php?rest_route=%2Fwp%2Fv2%2Fcomments&post=19"}],"version-history":[{"count":5,"href":"https:\/\/buildupskills.si\/index.php?rest_route=\/wp\/v2\/pages\/19\/revisions"}],"predecessor-version":[{"id":375,"href":"https:\/\/buildupskills.si\/index.php?rest_route=\/wp\/v2\/pages\/19\/revisions\/375"}],"wp:attachment":[{"href":"https:\/\/buildupskills.si\/index.php?rest_route=%2Fwp%2Fv2%2Fmedia&parent=19"}],"curies":[{"name":"wp","href":"https:\/\/api.w.org\/{rel}","templated":true}]}}