{"id":146,"date":"2013-02-06T12:26:48","date_gmt":"2013-02-06T11:26:48","guid":{"rendered":"http:\/\/buildupskills.si\/?page_id=146"},"modified":"2016-03-06T11:42:25","modified_gmt":"2016-03-06T10:42:25","slug":"konferenca-15-januar-2013","status":"publish","type":"page","link":"https:\/\/buildupskills.si\/?page_id=146","title":{"rendered":"Konferenca 15. 1. 2013"},"content":{"rendered":"<p style=\"text-align: left;\" align=\"center\"><strong>Konferenca IEE BUILD UP Skills Slovenija<br \/>\n<\/strong><strong>Sistemska podpora vse\u017eivljenjskemu u\u010denju izvajalcev skoraj ni\u010d energijskih hi\u0161<\/strong><\/p>\n<p style=\"text-align: left;\" align=\"center\">Obrtno &#8211; podjetni\u0161ka zbornica Slovenije<br \/>\n15. januar \u00a02013, ob 9.00 uri, velika dvorana<\/p>\n<p>Po letu 2020 bomo v EU lahko gradili le \u0161e skoraj ni\u010d energijske stavbe, tako zahteva evropska zakonodaja. A leto 2020 je pred vrati in danes so tej nalogi kos le redki izvajalci. Kriza v gradbeni\u0161tvu je onemogo\u010dila specializacijo, za usposabljanje delavcev je premalo \u010dasa in denarja, fluktuacija delavcev je velika, veliko je zaposlenih za dolo\u010den \u010das in tujcev. Vpis v srednje\u0161olske strokovne in poklicne programe vsako leto upada, prenova \u0161olskih programov poteka po\u010dasi.<\/p>\n<p><a href=\"http:\/\/buildupskills.si\/wp-content\/uploads\/2013\/02\/2013_01_15Bus-skills-delavnic0430.jpg\"><img loading=\"lazy\" decoding=\"async\" class=\"alignnone size-medium wp-image-171\" alt=\"2013_01_15Bus skills delavnic0430\" src=\"http:\/\/buildupskills.si\/wp-content\/uploads\/2013\/02\/2013_01_15Bus-skills-delavnic0430-300x200.jpg\" width=\"300\" height=\"200\" srcset=\"https:\/\/buildupskills.si\/wp-content\/uploads\/2013\/02\/2013_01_15Bus-skills-delavnic0430-300x200.jpg 300w, https:\/\/buildupskills.si\/wp-content\/uploads\/2013\/02\/2013_01_15Bus-skills-delavnic0430-1024x682.jpg 1024w, https:\/\/buildupskills.si\/wp-content\/uploads\/2013\/02\/2013_01_15Bus-skills-delavnic0430.jpg 1980w\" sizes=\"(max-width: 300px) 100vw, 300px\" \/><\/a><\/p>\n<p>Na\u0161i cilji glede nizkoenergijske gradnje in uporabe obnovljivih virov energije v stavbah pa so visoki. Zavezuje nas podnebno energijski sve\u017eenj ukrepov 20-20-20 do 2020, po katerem moramo:<\/p>\n<ul>\n<li>zmanj\u0161ati emisije toplogrednih plinov za 20 odstotkov,<\/li>\n<li>zvi\u0161ati energetsko u\u010dinkovitosti za 20 odstotkov in<\/li>\n<li>pove\u010dati dele\u017e obnovljivih virov energije za 20 odstotkov.<\/li>\n<\/ul>\n<p>Energijsko obnovo obstoje\u010dih stavb razumemo kot mo\u017enost za izhod iz krize v gradbeni\u0161tvu, skoraj ni\u010d energijske novogradnje kot zgled in gonilo tehnolo\u0161kega napredka.<\/p>\n<p>Trg zahteva kakovost pri gradnji stavb, kajti energijsko u\u010dinkovita gradnja ne dopu\u0161\u010da napak in neznanja. Kupec upravi\u010deno pri\u010dakuje, da bo stavba tudi v praksi dosegala z energetsko izkaznico podani energijski razred. Tako stroka kot sofinancerji (na primer EKO SKLAD) razmi\u0161ljajo o tem, da bi bile finan\u010dne spodbude upravi\u010dene le, \u010de bi ukrepe za energetsko u\u010dinkovito gradnjo in obnovo izvajali ustrezno strokovno usposobljeni izvajalci.<\/p>\n<ul>\n<li>Potrebujemo torej u\u010dinkovit sistem kontinuiranega izobra\u017eevanja in usposabljanja gradbi\u0161\u010dnih delavcev, obrtnikov, monterjev in in\u0161talaterjev in njihovih delovodij, da bodo na\u010drtovane energijsko u\u010dinkovite tehnologije in sistemi za izrabo obnovljivih virov energije iz na\u010drtov na\u0161li pot v prakso.<\/li>\n<li>Potrebujemo pregled nad kompetencami, ki sodijo k poklicu sodobnega zidarja, fasaderja ali monterja strojnih in\u0161talacij.<\/li>\n<li>Potrebujemo sistem certifikatov za usposobljene izvajalce.<\/li>\n<li>V sistem usposabljanja<\/li>\n<\/ul>\n<p><a href=\"http:\/\/buildupskills.si\/wp-content\/uploads\/2013\/02\/2013_01_15Bus-skills-delavnic0440.jpg\"><img loading=\"lazy\" decoding=\"async\" class=\"alignnone size-medium wp-image-170\" alt=\"2013_01_15Bus skills delavnic0440\" src=\"http:\/\/buildupskills.si\/wp-content\/uploads\/2013\/02\/2013_01_15Bus-skills-delavnic0440-300x200.jpg\" width=\"300\" height=\"200\" srcset=\"https:\/\/buildupskills.si\/wp-content\/uploads\/2013\/02\/2013_01_15Bus-skills-delavnic0440-300x200.jpg 300w, https:\/\/buildupskills.si\/wp-content\/uploads\/2013\/02\/2013_01_15Bus-skills-delavnic0440-1024x682.jpg 1024w, https:\/\/buildupskills.si\/wp-content\/uploads\/2013\/02\/2013_01_15Bus-skills-delavnic0440.jpg 1980w\" sizes=\"(max-width: 300px) 100vw, 300px\" \/><\/a><\/p>\n<p>Dogodek je potekal v prostorih OZS v Ljubljani, dne 15.1.2013, od 9.00 do 14.00. Razdeljen je bil na tri dele, kot sledi: plenarni del, delo po sekcijah in razprava s sklepi. Na konferenci smo obravnavali osnovno idejo vezano na usposabljanje izvajalcev skoraj ni\u010d energijske gradnje do leta 2020 in jo posku\u0161ali dodelati tako, da bo izvedljiva v praksi.<\/p>\n<p><strong>Program konference\u00a0<\/strong><strong>BUILD UP Skills Slovenija<\/strong><\/p>\n<p>&nbsp;<\/p>\n<table border=\"1\" cellspacing=\"0\" cellpadding=\"0\">\n<tbody>\n<tr>\n<td valign=\"top\" width=\"100\">8:45 &#8211; 9:00<\/td>\n<td valign=\"top\" width=\"475\">Registracija udele\u017eencev<\/td>\n<\/tr>\n<tr>\n<td valign=\"top\" width=\"100\">9:00 \u2013 9:20<\/td>\n<td valign=\"top\" width=\"475\">Uvodni pozdrav<br \/>\nmag. Erik Poto\u010dar, Ministrstvo za infrastrukturo in prostor<\/td>\n<\/tr>\n<tr>\n<td valign=\"top\" width=\"100\">9:20 \u2013 9:50<\/td>\n<td valign=\"top\" width=\"475\"><a href=\"http:\/\/buildupskills.si\/wp-content\/uploads\/2013\/02\/1-Sijanec-BUILD-UP-Skills-OZS-201301151.pdf\" target=\"_blank\">Predstavitev projekta BUILD UP Skills Slovenija<\/a><br \/>\ndr. Marjana \u0160ijanec Zavrl, Gradbeni in\u0161titut ZRMK<\/td>\n<\/tr>\n<tr>\n<td valign=\"top\" width=\"100\">9:50 \u2013 10:10<\/td>\n<td valign=\"top\" width=\"475\"><a href=\"http:\/\/buildupskills.si\/wp-content\/uploads\/2013\/02\/Konferenca-BUILD-UP-Skills-1a-15-1-13.pdf\" target=\"_blank\">Zeleni poklici, vse\u017eivljenjsko u\u010denje in bolj\u0161a zaposljivost<\/a><a href=\"http:\/\/buildupskills.si\/wp-content\/uploads\/2013\/02\/Konferenca-BUILD-UP-Skills-1a-15-1-13.pdf\" target=\"_blank\"><br \/>\n<\/a>Martin Kerin, Ministstvo za delo, dru\u017eino in socialne zadeve<\/td>\n<\/tr>\n<tr>\n<td valign=\"top\" width=\"100\">10:10 \u2013 10:30<\/td>\n<td valign=\"top\" width=\"475\"><a style=\"line-height: 19px;\" href=\"http:\/\/buildupskills.si\/wp-content\/uploads\/2013\/02\/2-Barbara-Vrhovnik-prezentacija-BUPS-15-1-2013.pdf\" target=\"_blank\">Vse\u017eivljenjsko izobra\u017eevanje in usposabljanje obrtnikov in malih podjetnikov \u2013 potrebe, mo\u017enosti, kompetenc<\/a><br \/>\nBarbara Vrhovnik, Obrtno &#8211; podjetni\u0161ka zbornica Slovenije<\/td>\n<\/tr>\n<tr>\n<td valign=\"top\" width=\"100\"><b>10:30 \u2013 10:45<\/b><\/td>\n<td valign=\"top\" width=\"475\"><b>Odmor \u2013 oblikovanje skupin za delo po sekcijah<\/b><\/td>\n<\/tr>\n<tr>\n<td valign=\"top\" width=\"100\">10:45 \u2013 12:15<\/td>\n<td valign=\"top\" width=\"475\"><b>Sekcija 1 &#8211; ovoj stavbe\u00a0<\/b><br \/>\nDobri primeri usposabljanja izvajalcevdr. Roman Kuni\u010d, Fragmat, GIZ PFSTI \u2013 Gospodarsko interesno zdru\u017eenje proizvajalcev fasadnih sistemov in toplotnih izolacijmag. Miha Tom\u0161i\u010d, GI ZRMK, Znak kakovosti v graditeljstvu za vgradnjo stavbnega pohi\u0161tvaModeratorji:<a href=\"http:\/\/buildupskills.si\/wp-content\/uploads\/2013\/02\/BUS-konfereneca-20130115-ekonomiski-vidik-Toni-Lojen.pdf\" target=\"_blank\"><br \/>\nmag. Toni Lojen, IZS<\/a><br \/>\nJanko Rozman, OZS<br \/>\nIgor Leban, CPI<\/td>\n<\/tr>\n<tr>\n<td valign=\"top\" width=\"100\">10:45 \u2013 12:15<\/td>\n<td valign=\"top\" width=\"475\"><b>Sekcija 2 &#8211; sistemi za ogrevanje, hlajenje, prezra\u010devanje<\/b><br \/>\nDobri primeri usposabljanja izvajalcevmag. Slavko Mo\u017ee, Viessman<br \/>\n<a href=\"http:\/\/buildupskills.si\/wp-content\/uploads\/2013\/02\/KWB_Partner_Akademie_SLO_BUSKonf-Zdru\u017eljivostni-na\u010din.pdf\" target=\"_blank\"><br \/>\nToma\u017e Rifelj, KWB<\/a>mag. Joerg Prestor, Geolo\u0161ki zavod SlovenijeModeratorji:<br \/>\nMitja Lenassi, IZS<br \/>\ndr. Marjana \u0160ijanec Zavrl, GI ZRMK<br \/>\nMarija \u0160ibanc, CPI<\/td>\n<\/tr>\n<tr>\n<td valign=\"top\" width=\"100\">10:45 \u2013 12:15<\/td>\n<td valign=\"top\" width=\"475\"><b>Sekcija 3 &#8211; elektro in\u0161talacije, fotonapetostne elektrarne, sistemi sistemi in in\u0161talacije upravljanja stavbe<\/b><br \/>\nDobri primeri usposabljanja izvajalcev<a href=\"http:\/\/buildupskills.si\/wp-content\/uploads\/2013\/02\/Hidria_BUILD_UP_SKILS_2013-01-15-Zdru\u017eljivostni-na\u010din.pdf\" target=\"_blank\"><br \/>\nGoran Dem\u0161ar, Ivan Sambol, Hidria<\/a><br \/>\n<a href=\"http:\/\/buildupskills.si\/wp-content\/uploads\/2013\/02\/Franko_Nemac_BUS-konfereneca-15.1.2013-FN-Zdru\u017eljivostni-na\u010din.pdf\" target=\"_blank\">mag. Franko Nemac, APE<\/a><a href=\"http:\/\/buildupskills.si\/wp-content\/uploads\/2013\/02\/Sekcija-3_moderatorji_G5_BUS-konferenca-20130115-elek-Zdru\u017eljivostni-na\u010din.pdf\" target=\"_blank\">Moderatorji:<\/a><br \/>\nmag. Vinko Vol\u010danjk, IZS<br \/>\nAndro Goblon, SGG<br \/>\nDavorin Majkus, CPI<\/td>\n<\/tr>\n<tr>\n<td valign=\"top\" width=\"100\"><b>12:15 \u2013 13:15<\/b><\/td>\n<td valign=\"top\" width=\"475\"><b>Kosilo<\/b><\/td>\n<\/tr>\n<tr>\n<td valign=\"top\" width=\"100\">13:15 \u2013 14:00<\/td>\n<td valign=\"top\" width=\"475\"><b>Povzetek in razprava<\/b>Skupaj do potrebnih znanj za gradnjo energijsko u\u010dinkovitih stavb. Povzetek zaklju\u010dkov treh sekcij<\/td>\n<\/tr>\n<\/tbody>\n<\/table>\n<p>Konference so se udele\u017eili predstavniki in\u0161titucij, podjetij s podro\u010dja nizkoenergijske gradnje in uporabe OVE tehnologij na stavbah, izvajalci, obrtniki, predstavniki stanovskih organizacij, izobra\u017eevalnih ustanov in drugi dele\u017eniki, ki \u017eeljo kakorkoli prispevati k bolj\u0161i usposobljenosti izvajalcev skoraj ni\u010d energijske gradnje do 2020.<\/p>\n","protected":false},"excerpt":{"rendered":"<p>Konferenca IEE BUILD UP Skills Slovenija Sistemska podpora vse\u017eivljenjskemu u\u010denju izvajalcev skoraj ni\u010d energijskih hi\u0161 Obrtno &#8211; podjetni\u0161ka zbornica Slovenije 15. januar \u00a02013, ob 9.00 uri, velika dvorana Po letu 2020 bomo v EU lahko gradili le \u0161e skoraj ni\u010d energijske stavbe, tako zahteva evropska zakonodaja. A leto 2020 je pred vrati in danes so tej nalogi kos le redki izvajalci. Kriza v gradbeni\u0161tvu je onemogo\u010dila specializacijo, za usposabljanje delavcev je premalo \u010dasa in denarja, fluktuacija delavcev je velika, veliko je zaposlenih za dolo\u010den \u010das in tujcev. Vpis v srednje\u0161olske strokovne in poklicne programe vsako leto upada, prenova \u0161olskih programov &hellip; <a class=\"more-link\" href=\"https:\/\/buildupskills.si\/?page_id=146\">Continue reading <span class=\"meta-nav\">&rarr;<\/span><\/a><\/p>\n","protected":false},"author":3,"featured_media":0,"parent":136,"menu_order":0,"comment_status":"closed","ping_status":"closed","template":"","meta":{"footnotes":""},"_links":{"self":[{"href":"https:\/\/buildupskills.si\/index.php?rest_route=\/wp\/v2\/pages\/146"}],"collection":[{"href":"https:\/\/buildupskills.si\/index.php?rest_route=\/wp\/v2\/pages"}],"about":[{"href":"https:\/\/buildupskills.si\/index.php?rest_route=\/wp\/v2\/types\/page"}],"author":[{"embeddable":true,"href":"https:\/\/buildupskills.si\/index.php?rest_route=\/wp\/v2\/users\/3"}],"replies":[{"embeddable":true,"href":"https:\/\/buildupskills.si\/index.php?rest_route=%2Fwp%2Fv2%2Fcomments&post=146"}],"version-history":[{"count":5,"href":"https:\/\/buildupskills.si\/index.php?rest_route=\/wp\/v2\/pages\/146\/revisions"}],"predecessor-version":[{"id":371,"href":"https:\/\/buildupskills.si\/index.php?rest_route=\/wp\/v2\/pages\/146\/revisions\/371"}],"up":[{"embeddable":true,"href":"https:\/\/buildupskills.si\/index.php?rest_route=\/wp\/v2\/pages\/136"}],"wp:attachment":[{"href":"https:\/\/buildupskills.si\/index.php?rest_route=%2Fwp%2Fv2%2Fmedia&parent=146"}],"curies":[{"name":"wp","href":"https:\/\/api.w.org\/{rel}","templated":true}]}}